{"id":2139,"date":"2018-08-27T13:55:59","date_gmt":"2018-08-27T13:55:59","guid":{"rendered":"https:\/\/borne2.tourismewendake.ca\/services\/"},"modified":"2026-02-10T21:27:16","modified_gmt":"2026-02-10T21:27:16","slug":"services","status":"publish","type":"page","link":"https:\/\/borne2.tourismewendake.ca\/en\/informations\/services\/","title":{"rendered":"Services"},"content":{"rendered":"<div class=\"fsn-row full-width-row fsn-69ea3a656653c light\" style=\"background-repeat:repeat;background-position:left top;background-attachment:scroll;background-size:auto;\"><div class=\"container-fluid\"><div class=\"row\"><div class=\"col-sm-6\"><div class=\"fsn-column-inner fsn-69ea3a6566638 light\"><div class=\"fsn-text fsn-69ea3a65666c0\">\n<p><strong>Artisans indiens du Qu\u00e9bec<\/strong><\/p>\n<p>Fournitures pour la fabrication d&#8217;artisanat<br \/>\n540, rue Chef-Max-Gros-Louis<br \/>\nWendake, QC G0A 4V0<\/p>\n<p>(418) 845-2150<br \/>\n<a href=\"http:\/\/nativecraftsupplies.com\/\" target=\"_blank\" rel=\"noopener\">nativecraftsupplies.com<\/a><\/p>\n<p><strong>Association des plus beaux villages du Qu\u00e9bec<\/strong><\/p>\n<p>CP 29, Saint-Sim\u00e9on<br \/>\nQC, G0T 1X0<\/p>\n<p>418-633-6878<br \/>\n<a href=\"http:\/\/plusbeauxvillages.ca\/\" target=\"_blank\" rel=\"noopener\">plusbeauxvillages.ca<\/a><\/p>\n<p><strong>Awastoki<\/strong><\/p>\n<p>Wendake, QC G0A 4V0<\/p>\n<p>418-952-7656<br \/>\n<a href=\"http:\/\/awastoki.com\/\" target=\"_blank\" rel=\"noopener\">awastoki.com<\/a><\/p>\n<p><strong>Bases essentielles<\/strong><\/p>\n<p>info@basesessentielles.ca<\/p>\n<p><a href=\"http:\/\/basesessentielles.ca\/\" target=\"_blank\" rel=\"noopener\">basesessentielles.ca<\/a><\/p>\n<p><strong>Bastien Industries<\/strong><\/p>\n<p>620, rue Max Gros-Louis Wendake, QC G0A 4V0<\/p>\n<p>418-842-9819<br \/>\n<a href=\"http:\/\/bastienindustries.ca\/\" target=\"_blank\" rel=\"noopener\">bastienindustries.ca<\/a><\/p>\n<p><strong>Centre d&#8217;artistes Ahkwayaonhkeh<\/strong><\/p>\n<p>580 C\u00f4te d&#8217;Abraham, Qu\u00e9bec, QC G1K 3P9<\/p>\n<p>367-382-6062<br \/>\n<a href=\"http:\/\/ahkwayaonhkeh.org\/\" target=\"_blank\" rel=\"noopener\">ahkwayaonhkeh.org<\/a><\/p>\n<p><strong>Canots L\u00e9gar\u00e9<\/strong><\/p>\n<p>12 766, boul. Valcartier<br \/>\nQu\u00e9bec (Qu\u00e9bec) G2A 2N2<\/p>\n<p>418-843-7979<br \/>\n<a href=\"http:\/\/canotslegare.com\/\" target=\"_blank\" rel=\"noopener\">canotslegare.com<\/a><\/p>\n<p><strong>Casse-cro\u00fbte L&#8217;usine \u00e0 frites<\/strong><\/p>\n<p>640, rue Chef-Max-Gros-Louis<br \/>\nWendake, QC G0A 4V0<\/p>\n<p>418-915-4447<\/p>\n<p><strong>Nation wendat<\/strong><\/p>\n<p>255, Place Chef Michel Laveau<br \/>\nWendake, QC G0A 4V0<\/p>\n<p>418-843-3767<br \/>\n<a href=\"http:\/\/wendake.ca\/\" target=\"_blank\" rel=\"noopener\">wendake.ca<\/a><\/p>\n<p><strong>DAVIE<\/strong><\/p>\n<p>22, rue George-D. Davie<br \/>\nL\u00e9vis (Qu\u00e9bec) G6V 0K4<\/p>\n<p>418-843-5841<br \/>\n<a href=\"http:\/\/davie.ca\/\" target=\"_blank\" rel=\"noopener\">davie.ca<\/a><\/p>\n<p><strong>Desjardins<\/strong><\/p>\n<p><a href=\"http:\/\/desjardins.com\/\" target=\"_blank\" rel=\"noopener\">desjardins.com<\/a><\/p>\n<p><strong>Dominic Ste-Marie<br \/>\n<\/strong><\/p>\n<p>Artiste<\/p>\n<p>dominic.stemarie@gmail.com<\/p>\n<p><strong>Gestion MV Management<\/strong><\/p>\n<p>Wendake, QC G0A 4V0<\/p>\n<p>418-580-4442<\/p>\n<p><strong>Ginette Bastien<\/strong><\/p>\n<p>Artisane Wendat<\/p>\n<p><a href=\"https:\/\/ginette.bastien@outlook.com\/\" target=\"_blank\" rel=\"noopener\">ginette.bastien@outlook.com<\/a><\/p>\n<p><strong>Hilton Qu\u00e9bec<\/strong><\/p>\n<p>1100, boul. Ren\u00e9-L\u00e9vesque Est<br \/>\nQu\u00e9bec, QC G1R 4P3<\/p>\n<p>418-847-2411<br \/>\n<a href=\"http:\/\/hilton.com\/fr\/\" target=\"_blank\" rel=\"noopener\">hilton.com\/fr\/<\/a><\/p>\n<p><strong>H\u00f4tels Sagamit\u00e9<\/strong><\/p>\n<p>68 \u00bd, rue Saint-Louis<br \/>\nQu\u00e9bec, QC G1R 3Z3<\/p>\n<p>1 833 491-6999<br \/>\n<a href=\"http:\/\/sagamite.com\/hotels\" target=\"_blank\" rel=\"noopener\">sagamite.com\/hotels<\/a><\/p>\n<p><strong>Helicarrier inc.<\/strong><\/p>\n<p>660, avenue Royale<br \/>\nQu\u00e9bec, QC G1E 1Y7<\/p>\n<p>418-666-0572<br \/>\n<a href=\"http:\/\/helicarrier.com\/\" target=\"_blank\" rel=\"noopener\">helicarrier.com<\/a><\/p>\n<p><strong>H\u00f4tel-Mus\u00e9e Premi\u00e8res Nations<\/strong><\/p>\n<p>5, Place de la Rencontre<br \/>\nWendake, QC G0A 4V0<\/p>\n<p>418-847-2222<br \/>\n<a href=\"http:\/\/hotelpremieresnations.ca\/\" target=\"_blank\" rel=\"noopener\">hotelpremieresnations.ca<\/a><\/p>\n<p><strong>Hutte de m\u00e9decine \u00e9toil\u00e9e (La)<\/strong><\/p>\n<p>545, rue Chef Thomas-Martin<br \/>\nWendake, QC G0A 4V0<\/p>\n<p>418-440-2321<br \/>\n<a href=\"http:\/\/huttemedecineetoilee.ca\/\" target=\"_blank\" rel=\"noopener\">huttemedecineetoilee.ca<\/a><\/p>\n<\/div><\/div><\/div><div class=\"col-sm-6\"><div class=\"fsn-column-inner fsn-69ea3a65666e2 light\"><div class=\"fsn-text fsn-69ea3a6566743\">\n<p><strong>IPNQ<\/strong><\/p>\n<p>Investissement Premi\u00e8res Nations du Qu\u00e9bec<br \/>\n50, boulevard Bastien<br \/>\nWendake, QC G0A 4V0<\/p>\n<p>418-843-7070<br \/>\n<a href=\"http:\/\/ipnq.ca\/\" target=\"_blank\" rel=\"noopener\">ipnq.ca<\/a><\/p>\n<p><strong>Isabelle Sioui<\/strong><\/p>\n<p>Artisane, Conteuse<\/p>\n<p><a href=\"http:\/\/maman-111@hotmail.com\/\" target=\"_blank\" rel=\"noopener\">maman-111@hotmail.com<\/a><\/p>\n<p><strong>Kwe! \u00c0 La Rencontre Des Peuples Autochtones<\/strong><\/p>\n<p>637, rue Chef Jean Picard,<br \/>\nWendake, QC G0A 4V0<\/p>\n<p>418-580-4442<br \/>\n<a href=\"http:\/\/kwefest.com\/\" target=\"_blank\" rel=\"noopener\">kwefest.com<\/a><\/p>\n<p><strong>Les femmes au tambour de Wendake<\/strong><\/p>\n<p>418-843-3692<br \/>\n<a href=\"http:\/\/https\/\/andicha.com\/\" target=\"_blank\" rel=\"noopener\">https:\/\/andicha.com\/<\/a><\/p>\n<p><strong>Marilou Bastien<\/strong><\/p>\n<p>Tattoo<\/p>\n<p><a href=\"https:\/\/loubast.tattoos@gmail.com\/\" target=\"_blank\" rel=\"noopener\">loubast.tattoos@gmail.com<\/a><\/p>\n<p><strong>Oushata&#8217;<\/strong><\/p>\n<p>Wendake (Qu\u00e9bec) G0A 4V0<\/p>\n<p>418-609-3833<br \/>\n<a href=\"http:\/\/oushata.com\/\" target=\"_blank\" rel=\"noopener\">Oushata.com<\/a><\/p>\n<p><strong>Poteries Line Gros-Louis ATA, (Les)<\/strong><\/p>\n<p><a href=\"http:\/\/lespoterieslinegroslouis.com\/fr\" target=\"_blank\" rel=\"noopener\">lespoterieslinegroslouis.com\/fr<\/a><\/p>\n<p><strong>RBA Groupe Financier<\/strong><\/p>\n<p>2936, rue de la Faune, bur. 202<br \/>\nWendake, QC G0A 4V0<\/p>\n<p>(418) 847-1840<br \/>\n<a href=\"http:\/\/rbagroupefinancier.com\/\" target=\"_blank\" rel=\"noopener\">rbagroupefinancier.com<\/a><\/p>\n<p><strong>Rendez-Vous des Artisans et Artistes de Wendake<\/strong><\/p>\n<p>305, rue Chef Max Gros-Louis,<br \/>\nWendake, QC G0A 4V0<\/p>\n<p>418-847-2170<br \/>\n<a href=\"http:\/\/rvaawendake.com\/\" target=\"_blank\" rel=\"noopener\">rvaawendake.com<\/a><\/p>\n<p><strong>Sandokwa Troupe de danse<\/strong><\/p>\n<p>5, rue Chef Michel Sioui<br \/>\nWendake, QC G0A 4V0<\/p>\n<p>418-841-2503<br \/>\n<a href=\"http:\/\/sandokwa.com\/\" target=\"_blank\" rel=\"noopener\">sandokwa.com<\/a><\/p>\n<p><strong>Socca<\/strong><\/p>\n<p>Soci\u00e9t\u00e9 de cr\u00e9dit commercial autochtone<br \/>\n2938, rue de la Faune, bur. 200<br \/>\nWendake, QC G0A 4V0<\/p>\n<p>418-843-2503<br \/>\n<a href=\"http:\/\/socca.qc.ca\/\" target=\"_blank\" rel=\"noopener\">socca.qc.ca<\/a><\/p>\n<p><strong>Tourisme Autochtone Qu\u00e9bec<\/strong><\/p>\n<p>50, boul. Bastien<br \/>\nWendake, QC G0A 4V0<\/p>\n<p>418-843-5030<br \/>\n<a href=\"http:\/\/tourismeautochtone.com\/\" target=\"_blank\" rel=\"noopener\">tourismeautochtone.com<\/a><\/p>\n<p><strong>Yarihwa&#8217;\/Den entreprises<\/strong><\/p>\n<p><a href=\"http:\/\/yarihwa.com\/\" target=\"_blank\" rel=\"noopener\">yarihwa.com<\/a><\/p>\n<p><strong>Yawinonh<\/strong><\/p>\n<p><a href=\"http:\/\/yawinonh.com\/\" target=\"_blank\" rel=\"noopener\">yawinonh.com<\/a><\/p>\n<\/div><\/div><\/div><\/div><\/div><\/div>\n","protected":false},"excerpt":{"rendered":"","protected":false},"author":1,"featured_media":0,"parent":2166,"menu_order":36,"comment_status":"closed","ping_status":"closed","template":"","meta":{"_acf_changed":false,"yasr_overall_rating":0,"yasr_post_is_review":"","yasr_auto_insert_disabled":"","yasr_review_type":"LocalBusiness","footnotes":""},"class_list":["post-2139","page","type-page","status-publish","hentry"],"acf":[],"yasr_visitor_votes":{"stars_attributes":{"read_only":false,"span_bottom":false},"number_of_votes":0,"sum_votes":0},"_links":{"self":[{"href":"https:\/\/borne2.tourismewendake.ca\/en\/wp-json\/wp\/v2\/pages\/2139","targetHints":{"allow":["GET"]}}],"collection":[{"href":"https:\/\/borne2.tourismewendake.ca\/en\/wp-json\/wp\/v2\/pages"}],"about":[{"href":"https:\/\/borne2.tourismewendake.ca\/en\/wp-json\/wp\/v2\/types\/page"}],"author":[{"embeddable":true,"href":"https:\/\/borne2.tourismewendake.ca\/en\/wp-json\/wp\/v2\/users\/1"}],"replies":[{"embeddable":true,"href":"https:\/\/borne2.tourismewendake.ca\/en\/wp-json\/wp\/v2\/comments?post=2139"}],"version-history":[{"count":4,"href":"https:\/\/borne2.tourismewendake.ca\/en\/wp-json\/wp\/v2\/pages\/2139\/revisions"}],"predecessor-version":[{"id":2647,"href":"https:\/\/borne2.tourismewendake.ca\/en\/wp-json\/wp\/v2\/pages\/2139\/revisions\/2647"}],"up":[{"embeddable":true,"href":"https:\/\/borne2.tourismewendake.ca\/en\/wp-json\/wp\/v2\/pages\/2166"}],"wp:attachment":[{"href":"https:\/\/borne2.tourismewendake.ca\/en\/wp-json\/wp\/v2\/media?parent=2139"}],"curies":[{"name":"wp","href":"https:\/\/api.w.org\/{rel}","templated":true}]}}